{"id":41,"date":"2026-02-11T11:45:22","date_gmt":"2026-02-11T11:45:22","guid":{"rendered":"https:\/\/natockovima.com\/?page_id=41"},"modified":"2026-02-11T13:49:13","modified_gmt":"2026-02-11T13:49:13","slug":"o-nama","status":"publish","type":"page","link":"https:\/\/natockovima.com\/index.php\/o-nama\/","title":{"rendered":"O nama"},"content":{"rendered":"\n<p><strong>Na To\u010dkovima<\/strong> je informativni i medijski portal posve\u0107en svetu automobila, motocikala i savremene mobilnosti. Na\u0161 cilj je da na jednom mestu okupimo najva\u017enije vesti, zanimljivosti, analize i testove iz doma\u0107e i svetske auto-industrije, kako bi \u010ditaoci uvek imali brz, jasan i pouzdan izvor informacija.<\/p>\n\n\n\n<p>Kroz pa\u017eljivo odabrani i ure\u0111eni sadr\u017eaj, pratimo aktuelna de\u0161avanja, nove modele, tr\u017ei\u0161ne trendove i sve teme koje su va\u017ene voza\u010dima i ljubiteljima automobila.<\/p>\n\n\n\n<p>Prisutni smo i na svim dru\u0161tvenim mre\u017eama, gde svakodnevno delimo kratke video formate, zanimljive pri\u010de, aktuelnosti i vizuelni sadr\u017eaj, uz stalnu komunikaciju sa publikom i razmenu iskustava.<\/p>\n\n\n\n<p><strong>Na To\u010dkovima &#8211; nova era vo\u017enje!<\/strong><\/p>\n","protected":false},"excerpt":{"rendered":"<p>Na To\u010dkovima je informativni i medijski portal posve\u0107en svetu automobila, motocikala i savremene mobilnosti. Na\u0161 cilj je da na jednom mestu okupimo najva\u017enije vesti, zanimljivosti, analize i testove iz doma\u0107e&hellip;<\/p>\n","protected":false},"author":1,"featured_media":0,"parent":0,"menu_order":0,"comment_status":"closed","ping_status":"closed","template":"","meta":{"footnotes":""},"class_list":["post-41","page","type-page","status-publish","hentry"],"_links":{"self":[{"href":"https:\/\/natockovima.com\/index.php\/wp-json\/wp\/v2\/pages\/41","targetHints":{"allow":["GET"]}}],"collection":[{"href":"https:\/\/natockovima.com\/index.php\/wp-json\/wp\/v2\/pages"}],"about":[{"href":"https:\/\/natockovima.com\/index.php\/wp-json\/wp\/v2\/types\/page"}],"author":[{"embeddable":true,"href":"https:\/\/natockovima.com\/index.php\/wp-json\/wp\/v2\/users\/1"}],"replies":[{"embeddable":true,"href":"https:\/\/natockovima.com\/index.php\/wp-json\/wp\/v2\/comments?post=41"}],"version-history":[{"count":3,"href":"https:\/\/natockovima.com\/index.php\/wp-json\/wp\/v2\/pages\/41\/revisions"}],"predecessor-version":[{"id":77,"href":"https:\/\/natockovima.com\/index.php\/wp-json\/wp\/v2\/pages\/41\/revisions\/77"}],"wp:attachment":[{"href":"https:\/\/natockovima.com\/index.php\/wp-json\/wp\/v2\/media?parent=41"}],"curies":[{"name":"wp","href":"https:\/\/api.w.org\/{rel}","templated":true}]}}